{"id":666,"date":"2021-01-28T17:31:30","date_gmt":"2021-01-28T20:31:30","guid":{"rendered":"http:\/\/tngtec.com.br\/site\/colibri-wp\/"},"modified":"2023-09-18T17:28:44","modified_gmt":"2023-09-18T20:28:44","slug":"colibri-wp","status":"publish","type":"page","link":"https:\/\/tngtec.com.br\/site\/","title":{"rendered":"Homepage"},"content":{"rendered":"<div data-colibri-id=\"666-c1\" class=\"style-193 style-local-666-c1 position-relative\">\n  <!---->\n  <div data-colibri-component=\"section\" data-colibri-id=\"666-c2\" id=\"custom\" class=\"h-section h-section-global-spacing d-flex align-items-lg-center align-items-md-center align-items-center style-263 style-local-666-c2 position-relative\">\n    <!---->\n    <!---->\n    <div class=\"h-section-grid-container h-section-boxed-container\">\n      <!---->\n      <div data-colibri-id=\"666-c3\" class=\"h-row-container gutters-row-lg-0 gutters-row-md-0 gutters-row-0 gutters-row-v-lg-0 gutters-row-v-md-0 gutters-row-v-0 style-272 style-local-666-c3 position-relative\">\n        <!---->\n        <div class=\"h-row justify-content-lg-center justify-content-md-center justify-content-center align-items-lg-stretch align-items-md-stretch align-items-stretch gutters-col-lg-0 gutters-col-md-0 gutters-col-0 gutters-col-v-lg-0 gutters-col-v-md-0 gutters-col-v-0\">\n          <!---->\n          <div class=\"h-column h-column-container d-flex h-col-lg-auto h-col-md-auto h-col-auto style-273-outer style-local-666-c4-outer\">\n            <div data-colibri-id=\"666-c4\" class=\"d-flex h-flex-basis h-column__inner h-px-lg-0 h-px-md-0 h-px-0 v-inner-lg-0 v-inner-md-0 v-inner-0 style-273 style-local-666-c4 position-relative\">\n              <!---->\n              <!---->\n              <div class=\"w-100 h-y-container h-column__content h-column__v-align flex-basis-100 align-self-lg-start align-self-md-start align-self-start\">\n                <!---->\n                <div data-colibri-id=\"666-c5\" class=\"h-text h-text-component style-274 style-local-666-c5 position-relative h-element\">\n                  <!---->\n                  <!---->\n                  <div class=\"\">\n                    <p><strong>somos uma empresa especializada em portais coporativos<\/strong><\/p>\n                  <\/div>\n                <\/div>\n              <\/div>\n            <\/div>\n          <\/div>\n        <\/div>\n      <\/div>\n      <div data-colibri-id=\"666-c6\" class=\"h-row-container gutters-row-lg-2 gutters-row-md-2 gutters-row-0 gutters-row-v-lg-2 gutters-row-v-md-2 gutters-row-v-2 style-264 style-local-666-c6 position-relative\">\n        <!---->\n        <div class=\"h-row justify-content-lg-center justify-content-md-center justify-content-center align-items-lg-stretch align-items-md-stretch align-items-stretch gutters-col-lg-2 gutters-col-md-2 gutters-col-0 gutters-col-v-lg-2 gutters-col-v-md-2 gutters-col-v-2\">\n          <!---->\n          <div class=\"h-column h-column-container d-flex h-col-lg-auto h-col-md-auto h-col-auto style-269-outer style-local-666-c7-outer\">\n            <div data-colibri-id=\"666-c7\" class=\"d-flex h-flex-basis h-column__inner h-ui-empty-state-container h-px-lg-2 h-px-md-2 h-px-2 v-inner-lg-2 v-inner-md-2 v-inner-2 style-269 style-local-666-c7 position-relative\">\n              <!---->\n              <!---->\n              <div class=\"w-100 h-y-container h-column__content h-column__v-align flex-basis-100\">\n                <!---->\n              <\/div>\n            <\/div>\n          <\/div>\n          <div class=\"h-column h-column-container d-flex h-col-lg-auto h-col-md-auto h-col-auto style-266-outer style-local-666-c8-outer\">\n            <div data-colibri-id=\"666-c8\" class=\"d-flex h-flex-basis h-column__inner h-px-lg-2 h-px-md-2 h-px-2 v-inner-lg-2 v-inner-md-2 v-inner-2 style-266 style-local-666-c8 position-relative\">\n              <!---->\n              <!---->\n              <div class=\"w-100 h-y-container h-column__content h-column__v-align flex-basis-100 align-self-lg-start align-self-md-start align-self-start\">\n                <!---->\n                <div data-colibri-id=\"666-c9\" class=\"h-lead h-text h-text-component style-268 style-local-666-c9 position-relative h-element\">\n                  <!---->\n                  <!---->\n                  <div class=\"\">\n                    <p>Desenvolvemos portais com integra\u00e7\u00e3o em tempo real aos principais ERP&#8217;s do mercado, para possibilitar a total troca de informa\u00e7\u00f5es entre a plataforma e sua empresa.\n                      <br>As informa\u00e7\u00f5es que ser\u00e3o inseridas no ERP ser\u00e3o levadas para a plataforma TNG e vice-versa, em um intervalo parametrizado&nbsp;<\/p>\n                  <\/div>\n                <\/div>\n              <\/div>\n            <\/div>\n          <\/div>\n        <\/div>\n      <\/div>\n    <\/div>\n  <\/div>\n  <div data-colibri-component=\"section\" data-colibri-id=\"666-c10\" id=\"custom-2\" class=\"h-section h-section-global-spacing d-flex align-items-lg-center align-items-md-center align-items-center style-275 style-local-666-c10 position-relative\">\n    <!---->\n    <!---->\n    <div class=\"h-section-grid-container h-section-boxed-container\">\n      <!---->\n      <div data-colibri-id=\"666-c11\" class=\"h-row-container gutters-row-lg-3 gutters-row-md-3 gutters-row-0 gutters-row-v-lg-3 gutters-row-v-md-3 gutters-row-v-3 style-276 style-local-666-c11 position-relative\">\n        <!---->\n        <div class=\"h-row justify-content-lg-center justify-content-md-center justify-content-center align-items-lg-stretch align-items-md-stretch align-items-stretch gutters-col-lg-3 gutters-col-md-3 gutters-col-0 gutters-col-v-lg-3 gutters-col-v-md-3 gutters-col-v-3\">\n          <!---->\n          <div class=\"h-column h-column-container d-flex h-col-lg-auto h-col-md-auto h-col-auto style-278-outer style-local-666-c12-outer\">\n            <div data-colibri-id=\"666-c12\" class=\"d-flex h-flex-basis h-column__inner h-px-lg-2 h-px-md-2 h-px-2 v-inner-lg-2 v-inner-md-2 v-inner-2 style-278 style-local-666-c12 position-relative\">\n              <!---->\n              <!---->\n              <div class=\"w-100 h-y-container h-column__content h-column__v-align flex-basis-100 align-self-lg-start align-self-md-start align-self-start\">\n                <!---->\n                <div data-colibri-id=\"666-c13\" class=\"h-text h-text-component style-279 style-local-666-c13 position-relative h-element\">\n                  <!---->\n                  <!---->\n                  <div class=\"\">\n                    <p>Com mais de 30 anos de experi\u00eancia, temos a melhor equipe de consultoria e desenvolvimento WEB, atendendo o mercado e atuando lado a lado com nossos clientes para trazer seguran\u00e7a e comodidade aos seus neg\u00f3cios.<\/p>\n                    <p>Devido \u00e0 dedica\u00e7\u00e3o e suporte de pronto atendimento, nossos clientes falam por n\u00f3s!<\/p>\n                  <\/div>\n                <\/div>\n              <\/div>\n            <\/div>\n          <\/div>\n          <div class=\"h-column h-column-container d-flex h-col-lg-auto h-col-md-auto h-col-auto style-280-outer style-local-666-c14-outer\">\n            <div data-colibri-id=\"666-c14\" class=\"d-flex h-flex-basis h-column__inner h-px-lg-2 h-px-md-2 h-px-2 v-inner-lg-2 v-inner-md-2 v-inner-2 style-280 style-local-666-c14 position-relative\">\n              <!---->\n              <!---->\n              <div class=\"w-100 h-y-container h-column__content h-column__v-align flex-basis-100 align-self-lg-start align-self-md-start align-self-start\">\n                <!---->\n                <div data-colibri-id=\"666-c15\" class=\"d-block style-281 style-local-666-c15 position-relative h-element\">\n                  <!---->\n                  <div class=\"h-image__frame-container-outer\">\n                    <div class=\"h-image__frame-container\">\n                      <!---->\n                      <!---->\n                      <img loading=\"lazy\" width=\"1803\" height=\"587\" src=\"http:\/\/tngtec.com.br\/site\/wp-content\/uploads\/2021\/03\/cropped-cropped-Logo-escura_rev-2.png\" class=\"wp-image-947 style-281-image style-local-666-c15-image\" srcset=\"https:\/\/tngtec.com.br\/site\/wp-content\/uploads\/2021\/03\/cropped-cropped-Logo-escura_rev-2.png 1803w, https:\/\/tngtec.com.br\/site\/wp-content\/uploads\/2021\/03\/cropped-cropped-Logo-escura_rev-2-300x98.png 300w, https:\/\/tngtec.com.br\/site\/wp-content\/uploads\/2021\/03\/cropped-cropped-Logo-escura_rev-2-1024x333.png 1024w, https:\/\/tngtec.com.br\/site\/wp-content\/uploads\/2021\/03\/cropped-cropped-Logo-escura_rev-2-768x250.png 768w, https:\/\/tngtec.com.br\/site\/wp-content\/uploads\/2021\/03\/cropped-cropped-Logo-escura_rev-2-1536x500.png 1536w\" sizes=\"(max-width: 1803px) 100vw, 1803px\" alt=\"\" \/>\n                      <div class=\"h-image__frame h-hide-lg h-hide-md h-hide-sm style-281-frameImage style-local-666-c15-frameImage\"><\/div>\n                    <\/div>\n                  <\/div>\n                <\/div>\n              <\/div>\n            <\/div>\n          <\/div>\n        <\/div>\n      <\/div>\n    <\/div>\n  <\/div>\n  <div data-colibri-component=\"section\" data-colibri-id=\"666-c16\" id=\"custom-3\" class=\"h-section h-section-global-spacing d-flex align-items-lg-start align-items-md-start align-items-start style-324 style-local-666-c16 position-relative\">\n    <!---->\n    <!---->\n    <div class=\"h-section-grid-container h-section-boxed-container\">\n      <!---->\n      <div data-colibri-id=\"666-c17\" class=\"h-row-container gutters-row-lg-1 gutters-row-md-1 gutters-row-0 gutters-row-v-lg-1 gutters-row-v-md-1 gutters-row-v-1 style-325 style-local-666-c17 position-relative\">\n        <!---->\n        <div class=\"h-row justify-content-lg-center justify-content-md-center justify-content-center align-items-lg-center align-items-md-center align-items-center gutters-col-lg-1 gutters-col-md-1 gutters-col-0 gutters-col-v-lg-1 gutters-col-v-md-1 gutters-col-v-1\">\n          <!---->\n          <div class=\"h-column h-column-container d-flex h-col-lg-auto h-col-md-auto h-col-auto align-self-lg-center align-self-md-center align-self-center style-346-outer style-local-666-c18-outer\">\n            <div data-colibri-id=\"666-c18\" class=\"d-flex h-flex-basis h-column__inner h-px-lg-1 h-px-md-1 h-px-1 v-inner-lg-1 v-inner-md-1 v-inner-1 style-346 style-local-666-c18 position-relative\">\n              <!---->\n              <!---->\n              <div class=\"w-100 h-y-container h-column__content h-column__v-align flex-basis-100 align-self-lg-start align-self-md-start align-self-start\">\n                <!---->\n                <div data-colibri-id=\"666-c19\" class=\"d-block style-345 style-local-666-c19 position-relative h-element\">\n                  <!---->\n                  <div class=\"h-image__frame-container-outer\">\n                    <div class=\"h-image__frame-container\">\n                      <!---->\n                      <!---->\n                      <img loading=\"lazy\" width=\"1200\" height=\"391\" src=\"http:\/\/tngtec.com.br\/site\/wp-content\/uploads\/2021\/03\/cropped-cropped-cropped-Logo-monocromatica-clara_3-e1615914389535.png\" class=\"wp-image-955 style-345-image style-local-666-c19-image\" srcset=\"https:\/\/tngtec.com.br\/site\/wp-content\/uploads\/2021\/03\/cropped-cropped-cropped-Logo-monocromatica-clara_3-e1615914389535.png 1200w, https:\/\/tngtec.com.br\/site\/wp-content\/uploads\/2021\/03\/cropped-cropped-cropped-Logo-monocromatica-clara_3-e1615914389535-300x98.png 300w, https:\/\/tngtec.com.br\/site\/wp-content\/uploads\/2021\/03\/cropped-cropped-cropped-Logo-monocromatica-clara_3-e1615914389535-1024x334.png 1024w, https:\/\/tngtec.com.br\/site\/wp-content\/uploads\/2021\/03\/cropped-cropped-cropped-Logo-monocromatica-clara_3-e1615914389535-768x250.png 768w\" sizes=\"(max-width: 1200px) 100vw, 1200px\" alt=\"\" \/>\n                      <div class=\"h-image__frame h-hide-lg h-hide-md h-hide-sm style-345-frameImage style-local-666-c19-frameImage\"><\/div>\n                    <\/div>\n                  <\/div>\n                <\/div>\n              <\/div>\n            <\/div>\n          <\/div>\n          <div class=\"h-column h-column-container d-flex h-col-lg-auto h-col-md-auto h-col-auto align-self-lg-center align-self-md-center align-self-center style-326-outer style-local-666-c20-outer\">\n            <div data-colibri-id=\"666-c20\" class=\"d-flex h-flex-basis h-column__inner h-px-lg-1 h-px-md-1 h-px-1 v-inner-lg-1 v-inner-md-1 v-inner-1 style-326 style-local-666-c20 position-relative\">\n              <!---->\n              <!---->\n              <div class=\"w-100 h-y-container h-column__content h-column__v-align flex-basis-100 align-self-lg-start align-self-md-start align-self-start\">\n                <!---->\n                <div data-colibri-id=\"666-c21\" class=\"h-text h-text-component style-328 style-local-666-c21 position-relative h-element\">\n                  <!---->\n                  <!---->\n                  <div class=\"\">\n                    <p>Endere\u00e7o\n                      <br>Rua Sete de Setembro, 144 Centro &#8211;&nbsp;<span style=\"font-weight: 400; font-size: 14px; font-family: &quot;Open Sans&quot;; color: rgb(204, 204, 204);\">Joinville, Santa Catarina<\/span><\/p>\n                  <\/div>\n                <\/div>\n              <\/div>\n            <\/div>\n          <\/div>\n          <div class=\"h-column h-column-container d-flex h-col-lg-auto h-col-md-auto h-col-auto align-self-lg-center align-self-md-center align-self-center style-327-outer style-local-666-c22-outer\">\n            <div data-colibri-id=\"666-c22\" class=\"d-flex h-flex-basis h-column__inner h-px-lg-1 h-px-md-1 h-px-1 v-inner-lg-1 v-inner-md-1 v-inner-1 style-327 style-local-666-c22 position-relative\">\n              <!---->\n              <!---->\n              <div class=\"w-100 h-y-container h-column__content h-column__v-align flex-basis-100 align-self-lg-start align-self-md-start align-self-start\">\n                <!---->\n                <div data-colibri-id=\"666-c23\" class=\"h-text h-text-component style-329 style-local-666-c23 position-relative h-element\">\n                  <!---->\n                  <!---->\n                  <div class=\"\">\n                    <p>Contato\n                      <br>(47) 9 8822-7621 ou&nbsp;<span style=\"font-weight: 400; font-size: 14px; font-family: &quot;Open Sans&quot;; color: rgb(204, 204, 204);\">(47) 9 9639-5857&nbsp;<\/span>\n                      <br>comercial@tngtec.com.br<\/p>\n                  <\/div>\n                <\/div>\n              <\/div>\n            <\/div>\n          <\/div>\n          <div class=\"h-column h-column-container d-flex h-col-lg-auto h-col-md-auto h-col-auto align-self-lg-center align-self-md-center align-self-center style-343-outer style-local-666-c24-outer\">\n            <div data-colibri-id=\"666-c24\" class=\"d-flex h-flex-basis h-column__inner h-px-lg-1 h-px-md-1 h-px-1 v-inner-lg-1 v-inner-md-1 v-inner-1 style-343 style-local-666-c24 position-relative\">\n              <!---->\n              <!---->\n              <div class=\"w-100 h-y-container h-column__content h-column__v-align flex-basis-100 align-self-lg-start align-self-md-start align-self-start\">\n                <!---->\n                <div data-colibri-id=\"666-c25\" class=\"h-text h-text-component style-344 style-local-666-c25 position-relative h-element\">\n                  <!---->\n                  <!---->\n                  <div class=\"\">\n                    <p>Para a seguran\u00e7a de todos, nossa equipe est\u00e1 trabalhando remotamente<\/p>\n                  <\/div>\n                <\/div>\n              <\/div>\n            <\/div>\n          <\/div>\n        <\/div>\n      <\/div>\n    <\/div>\n  <\/div>\n<\/div>","protected":false},"excerpt":{"rendered":"<p>somos uma empresa especializada em portais coporativos Desenvolvemos portais com integra\u00e7\u00e3o em tempo real aos principais ERP&#8217;s do mercado, para possibilitar a total troca de informa\u00e7\u00f5es entre a plataforma e sua empresa. As informa\u00e7\u00f5es que ser\u00e3o inseridas no ERP ser\u00e3o levadas para a plataforma TNG e vice-versa, em um intervalo parametrizado&nbsp; Com mais de 30 [&hellip;]<\/p>\n","protected":false},"author":2,"featured_media":0,"parent":0,"menu_order":0,"comment_status":"closed","ping_status":"closed","template":"page-templates\/full-width-page.php","meta":[],"_links":{"self":[{"href":"https:\/\/tngtec.com.br\/site\/wp-json\/wp\/v2\/pages\/666"}],"collection":[{"href":"https:\/\/tngtec.com.br\/site\/wp-json\/wp\/v2\/pages"}],"about":[{"href":"https:\/\/tngtec.com.br\/site\/wp-json\/wp\/v2\/types\/page"}],"author":[{"embeddable":true,"href":"https:\/\/tngtec.com.br\/site\/wp-json\/wp\/v2\/users\/2"}],"replies":[{"embeddable":true,"href":"https:\/\/tngtec.com.br\/site\/wp-json\/wp\/v2\/comments?post=666"}],"version-history":[{"count":20,"href":"https:\/\/tngtec.com.br\/site\/wp-json\/wp\/v2\/pages\/666\/revisions"}],"predecessor-version":[{"id":1702,"href":"https:\/\/tngtec.com.br\/site\/wp-json\/wp\/v2\/pages\/666\/revisions\/1702"}],"wp:attachment":[{"href":"https:\/\/tngtec.com.br\/site\/wp-json\/wp\/v2\/media?parent=666"}],"curies":[{"name":"wp","href":"https:\/\/api.w.org\/{rel}","templated":true}]}}