{"id":19,"date":"2017-07-03T09:18:52","date_gmt":"2017-07-03T12:18:52","guid":{"rendered":"http:\/\/192.168.99.100\/tngwp\/?page_id=19"},"modified":"2021-03-18T17:44:14","modified_gmt":"2021-03-18T20:44:14","slug":"contato","status":"publish","type":"page","link":"https:\/\/tngtec.com.br\/site\/contato\/","title":{"rendered":"Contato"},"content":{"rendered":"<div data-colibri-id=\"19-c1\" class=\"style-347 style-local-19-c1 position-relative\">\n  <!---->\n  <div data-colibri-component=\"section\" data-colibri-id=\"19-c2\" id=\"blank\" class=\"h-section h-section-global-spacing d-flex align-items-lg-center align-items-md-center align-items-center style-714 style-local-19-c2 position-relative\">\n    <!---->\n    <!---->\n    <div class=\"h-section-grid-container h-section-boxed-container\">\n      <!---->\n      <div data-colibri-id=\"19-c3\" class=\"h-row-container gutters-row-lg-0 gutters-row-md-0 gutters-row-0 gutters-row-v-lg-0 gutters-row-v-md-0 gutters-row-v-0 style-715 style-local-19-c3 position-relative\">\n        <!---->\n        <div class=\"h-row justify-content-lg-center justify-content-md-center justify-content-center align-items-lg-center align-items-md-center align-items-center gutters-col-lg-0 gutters-col-md-0 gutters-col-0 gutters-col-v-lg-0 gutters-col-v-md-0 gutters-col-v-0\">\n          <!---->\n          <div class=\"h-column h-column-container d-flex h-col-lg-auto h-col-md-auto h-col-auto align-self-lg-center align-self-md-center align-self-center style-717-outer style-local-19-c4-outer\">\n            <div data-colibri-id=\"19-c4\" class=\"d-flex h-flex-basis h-column__inner h-ui-empty-state-container h-px-lg-0 h-px-md-0 h-px-0 v-inner-lg-0 v-inner-md-0 v-inner-0 style-717 style-local-19-c4 position-relative\">\n              <!---->\n              <!---->\n              <div class=\"w-100 h-y-container h-column__content h-column__v-align flex-basis-100\">\n                <!---->\n              <\/div>\n            <\/div>\n          <\/div>\n        <\/div>\n      <\/div>\n    <\/div>\n  <\/div>\n  <div data-colibri-component=\"section\" data-colibri-id=\"19-c9\" id=\"contact\" class=\"h-section h-section-global-spacing d-flex align-items-lg-start align-items-md-start align-items-start style-353 style-local-19-c9 position-relative\">\n    <!---->\n    <!---->\n    <div class=\"h-section-grid-container h-section-boxed-container\">\n      <!---->\n      <div data-colibri-id=\"19-c10\" class=\"h-row-container gutters-row-lg-0 gutters-row-md-0 gutters-row-2 gutters-row-v-lg-0 gutters-row-v-md-0 gutters-row-v-2 style-354 style-local-19-c10 position-relative\">\n        <!---->\n        <div class=\"h-row justify-content-lg-center justify-content-md-center justify-content-center align-items-lg-stretch align-items-md-stretch align-items-stretch gutters-col-lg-0 gutters-col-md-0 gutters-col-2 gutters-col-v-lg-0 gutters-col-v-md-0 gutters-col-v-2\">\n          <!---->\n          <div class=\"h-column h-column-container d-flex h-col-lg-auto h-col-md-auto h-col-auto style-355-outer style-local-19-c11-outer\">\n            <div data-colibri-id=\"19-c11\" class=\"d-flex h-flex-basis h-column__inner h-px-lg-0 h-px-md-0 h-px-0 v-inner-lg-0 v-inner-md-0 v-inner-0 style-355 style-local-19-c11 position-relative\">\n              <!---->\n              <!---->\n              <div class=\"w-100 h-y-container h-column__content h-column__v-align flex-basis-100 align-self-lg-start align-self-md-start align-self-start\">\n                <!---->\n                <div data-colibri-id=\"19-c12\" class=\"h-row-container gutters-row-lg-1 gutters-row-md-1 gutters-row-0 gutters-row-v-lg-1 gutters-row-v-md-1 gutters-row-v-1 style-356 style-local-19-c12 position-relative\">\n                  <!---->\n                  <div class=\"h-row justify-content-lg-center justify-content-md-center justify-content-center align-items-lg-stretch align-items-md-stretch align-items-stretch gutters-col-lg-1 gutters-col-md-1 gutters-col-0 gutters-col-v-lg-1 gutters-col-v-md-1 gutters-col-v-1\">\n                    <!---->\n                    <div class=\"h-column h-column-container d-flex h-col-lg-auto h-col-md-auto h-col-auto style-729-outer style-local-19-c40-outer\">\n                      <div data-colibri-id=\"19-c40\" class=\"d-flex h-flex-basis h-column__inner h-ui-empty-state-container h-px-lg-2 h-px-md-2 h-px-2 v-inner-lg-2 v-inner-md-2 v-inner-2 style-729 style-local-19-c40 position-relative\">\n                        <!---->\n                        <!---->\n                        <div class=\"w-100 h-y-container h-column__content h-column__v-align flex-basis-100\">\n                          <!---->\n                        <\/div>\n                      <\/div>\n                    <\/div>\n                    <div class=\"h-column h-column-container d-flex h-col-lg-auto h-col-md-auto h-col-auto style-357-outer style-local-19-c13-outer\">\n                      <div data-colibri-id=\"19-c13\" class=\"d-flex h-flex-basis h-column__inner h-px-lg-0 h-px-md-0 h-px-0 v-inner-lg-0 v-inner-md-0 v-inner-0 style-357 style-local-19-c13 position-relative\">\n                        <!---->\n                        <!---->\n                        <div class=\"w-100 h-y-container h-column__content h-column__v-align flex-basis-100 align-self-lg-center align-self-md-center align-self-center\">\n                          <!---->\n                          <div data-colibri-id=\"19-c14\" class=\"h-global-transition-all h-heading style-358 style-local-19-c14 position-relative h-element\">\n                            <!---->\n                            <div class=\"h-heading__outer style-358 style-local-19-c14\">\n                              <!---->\n                              <!---->\n                              <h4 class=\"\">n\u00f3s ligamos para voc\u00ea<\/h4>\n                            <\/div>\n                          <\/div>\n                          <div data-colibri-id=\"19-c15\" class=\"h-icon style-359 style-local-19-c15 position-relative h-element\">\n                            <!----><span class=\"h-svg-icon h-icon__icon style-359-icon style-local-19-c15-icon\"><!--Icon by Font Awesome (https:\/\/fontawesome.com)--><svg version=\"1.1\" xmlns=\"http:\/\/www.w3.org\/2000\/svg\" xmlns:xlink=\"http:\/\/www.w3.org\/1999\/xlink\" id=\"phone\" viewBox=\"0 0 1408 1896.0833\"><path d=\"M1408 1240q0 27-10 70.5t-21 68.5q-21 50-122 106-94 51-186 51-27 0-53-3.5t-57.5-12.5-47-14.5T856 1485t-49-18q-98-35-175-83-127-79-264-216T152 904q-48-77-83-175-3-9-18-49t-20.5-55.5-14.5-47T3.5 520 0 467q0-92 51-186 56-101 106-122 25-11 68.5-21t70.5-10q14 0 21 3 18 6 53 76 11 19 30 54t35 63.5 31 53.5q3 4 17.5 25t21.5 35.5 7 28.5q0 20-28.5 50t-62 55-62 53-28.5 46q0 9 5 22.5t8.5 20.5 14 24 11.5 19q76 137 174 235t235 174q2 1 19 11.5t24 14 20.5 8.5 22.5 5q18 0 46-28.5t53-62 55-62 50-28.5q14 0 28.5 7t35.5 21.5 25 17.5q25 15 53.5 31t63.5 35 54 30q70 35 76 53 3 7 3 21z\"><\/path><\/svg><\/span><\/div>\n                          <div\n                            data-colibri-id=\"19-c16\" class=\"h-global-transition-all h-heading style-360 style-local-19-c16 position-relative h-element\">\n                            <!---->\n                            <div class=\"h-heading__outer style-360 style-local-19-c16\">\n                              <!---->\n                              <!---->\n                              <h6 class=\"\">Marque uma apresenta\u00e7\u00e3o conosco e nos conte o que sua empresa precisa.\n                                <br>\n                                <br>\n                                <br>Ou entre em contato atrav\u00e9s dos telefones abaixo<\/h6>\n                            <\/div>\n                        <\/div>\n                      <\/div>\n                    <\/div>\n                  <\/div>\n                  <div class=\"h-column h-column-container d-flex h-col-lg-auto h-col-md-auto h-col-auto style-362-outer style-local-19-c17-outer\">\n                    <div data-colibri-id=\"19-c17\" class=\"d-flex h-flex-basis h-column__inner h-px-lg-3 h-px-md-3 h-px-3 v-inner-lg-3 v-inner-md-3 v-inner-3 style-362 style-local-19-c17 position-relative\">\n                      <!---->\n                      <!---->\n                      <div class=\"w-100 h-y-container h-column__content h-column__v-align flex-basis-100 align-self-lg-center align-self-md-center align-self-center\">\n                        <!---->\n                        <div data-colibri-id=\"19-c18\" class=\"h-contact-form__outer--forminator position-relative h-element\">\n                          <!---->\n                          <div class=\"h-global-transition-all h-global-transition h-global-transition-all h-contact-form-shortcode--no-style\"><div class=\"forminator-ui forminator-custom-form forminator-custom-form-1082 forminator-design--flat  forminator_ajax\" data-forminator-render=\"0\" data-form=\"forminator-module-1082\"><br\/><\/div><form\n\t\t\t\tid=\"forminator-module-1082\"\n\t\t\t\tclass=\"forminator-ui forminator-custom-form forminator-custom-form-1082 forminator-design--flat  forminator_ajax\"\n\t\t\t\tmethod=\"post\"\n\t\t\t\tdata-forminator-render=\"0\"\n\t\t\t\tdata-form-id=\"1082\"\n\t\t\t\t\n\t\t\t\tdata-design=\"flat\"\n\t\t\t\t\n\t\t\t\t\n\t\t\t\t\n\t\t\t\tdata-grid=\"open\"\n\t\t\t\t\n\t\t\t\t\n\t\t\t\tstyle=\"display: none;\"\n\t\t\t><div class=\"forminator-response-message forminator-error\" aria-hidden=\"true\"><\/div><div class=\"forminator-row\"><div id=\"name-1\" class=\"forminator-col forminator-col-6 \"><div class=\"forminator-field\"><label for=\"forminator-field-name-1\" class=\"forminator-label\">Nome <span class=\"forminator-required\">*<\/span><\/label><input type=\"text\" name=\"name-1\" value=\"\" placeholder=\"\" id=\"forminator-field-name-1\" class=\"forminator-input forminator-name--field\" aria-required=\"true\" \/><\/div><\/div><div id=\"text-1\" class=\"forminator-col forminator-col-6 \"><div class=\"forminator-field\"><label for=\"forminator-field-text-1\" class=\"forminator-label\">Empresa<\/label><input type=\"text\" name=\"text-1\" value=\"\" placeholder=\"\" id=\"forminator-field-text-1\" class=\"forminator-input forminator-name--field\" data-required=\"\" \/><\/div><\/div><\/div><div class=\"forminator-row\"><div id=\"phone-1\" class=\"forminator-col forminator-col-12 \"><div class=\"forminator-field\"><label for=\"forminator-field-phone-1\" class=\"forminator-label\">Telefone <span class=\"forminator-required\">*<\/span><\/label><input type=\"text\" name=\"phone-1\" value=\"\" placeholder=\"\" id=\"forminator-field-phone-1\" class=\"forminator-input forminator-field--phone\" data-required=\"1\" aria-required=\"true\" autocomplete=\"off\" \/><\/div><\/div><\/div><div class=\"forminator-row\"><div id=\"email-1\" class=\"forminator-col forminator-col-12 \"><div class=\"forminator-field\"><label for=\"forminator-field-email-1\" class=\"forminator-label\">Endere\u00e7o de E-mail<\/label><input type=\"email\" name=\"email-1\" value=\"\" placeholder=\"\" id=\"forminator-field-email-1\" class=\"forminator-input forminator-email--field\" data-required=\"\" aria-required=\"false\" \/><\/div><\/div><\/div><div class=\"forminator-row\"><div id=\"textarea-1\" class=\"forminator-col forminator-col-12 \"><div class=\"forminator-field\"><label for=\"forminator-field-textarea-1\" class=\"forminator-label\">Assunto<\/label><textarea name=\"textarea-1\" placeholder=\"\" id=\"forminator-field-textarea-1\" class=\"forminator-textarea\" rows=\"6\" style=\"min-height:50px;\" ><\/textarea><\/div><\/div><\/div><input type=\"hidden\" name=\"referer_url\" value=\"\" \/><div class=\"forminator-row forminator-row-last\"><div class=\"forminator-col\"><div class=\"forminator-field\"><button class=\"forminator-button forminator-button-submit\">Solicitar demonstra&ccedil;&atilde;o<\/button><\/div><\/div><\/div><input type=\"hidden\" id=\"forminator_nonce\" name=\"forminator_nonce\" value=\"8d3fa68432\" \/><input type=\"hidden\" name=\"_wp_http_referer\" value=\"\/site\/wp-json\/wp\/v2\/pages\/19\" \/><input type=\"hidden\" name=\"form_id\" value=\"1082\"><input type=\"hidden\" name=\"page_id\" value=\"19\"><input type=\"hidden\" name=\"form_type\" value=\"default\"><input type=\"hidden\" name=\"current_url\" value=\"https:\/\/tngtec.com.br\/site\/wp-json\/wp\/v2\/pages\/19\/\"><input type=\"hidden\" name=\"render_id\" value=\"0\"><input type=\"hidden\" name=\"action\" value=\"forminator_submit_form_custom-forms\"><\/form><\/div>\n                        <\/div>\n                      <\/div>\n                    <\/div>\n                  <\/div>\n                <\/div>\n              <\/div>\n            <\/div>\n          <\/div>\n        <\/div>\n      <\/div>\n    <\/div>\n  <\/div>\n<\/div>\n<div data-colibri-component=\"section\" data-colibri-id=\"19-c23\" id=\"reusable-sections\" class=\"h-section h-section-global-spacing d-flex align-items-lg-start align-items-md-start align-items-start style-438 style-local-19-c23 position-relative\">\n  <!---->\n  <!---->\n  <div class=\"h-section-grid-container h-section-boxed-container\">\n    <!---->\n    <div data-colibri-id=\"19-c24\" class=\"h-row-container gutters-row-lg-1 gutters-row-md-1 gutters-row-0 gutters-row-v-lg-1 gutters-row-v-md-1 gutters-row-v-1 style-439 style-local-19-c24 position-relative\">\n      <!---->\n      <div class=\"h-row justify-content-lg-center justify-content-md-center justify-content-center align-items-lg-center align-items-md-center align-items-center gutters-col-lg-1 gutters-col-md-1 gutters-col-0 gutters-col-v-lg-1 gutters-col-v-md-1 gutters-col-v-1\">\n        <!---->\n        <div class=\"h-column h-column-container d-flex h-col-lg-auto h-col-md-auto h-col-auto align-self-lg-center align-self-md-center align-self-center style-440-outer style-local-19-c25-outer\">\n          <div data-colibri-id=\"19-c25\" class=\"d-flex h-flex-basis h-column__inner h-px-lg-1 h-px-md-1 h-px-1 v-inner-lg-1 v-inner-md-1 v-inner-1 style-440 style-local-19-c25 position-relative\">\n            <!---->\n            <!---->\n            <div class=\"w-100 h-y-container h-column__content h-column__v-align flex-basis-100 align-self-lg-start align-self-md-start align-self-start\">\n              <!---->\n              <div data-colibri-id=\"19-c26\" class=\"d-block style-441 style-local-19-c26 position-relative h-element\">\n                <!---->\n                <div class=\"h-image__frame-container-outer\">\n                  <div class=\"h-image__frame-container\">\n                    <!---->\n                    <!---->\n                    <img loading=\"lazy\" width=\"1200\" height=\"391\" src=\"http:\/\/tngtec.com.br\/site\/wp-content\/uploads\/2021\/03\/cropped-cropped-cropped-Logo-monocromatica-clara_3-e1615914389535.png\" class=\"wp-image-955 style-441-image style-local-19-c26-image\" srcset=\"https:\/\/tngtec.com.br\/site\/wp-content\/uploads\/2021\/03\/cropped-cropped-cropped-Logo-monocromatica-clara_3-e1615914389535.png 1200w, https:\/\/tngtec.com.br\/site\/wp-content\/uploads\/2021\/03\/cropped-cropped-cropped-Logo-monocromatica-clara_3-e1615914389535-300x98.png 300w, https:\/\/tngtec.com.br\/site\/wp-content\/uploads\/2021\/03\/cropped-cropped-cropped-Logo-monocromatica-clara_3-e1615914389535-1024x334.png 1024w, https:\/\/tngtec.com.br\/site\/wp-content\/uploads\/2021\/03\/cropped-cropped-cropped-Logo-monocromatica-clara_3-e1615914389535-768x250.png 768w\" sizes=\"(max-width: 1200px) 100vw, 1200px\" alt=\"\" \/>\n                    <div class=\"h-image__frame h-hide-lg h-hide-md h-hide-sm style-441-frameImage style-local-19-c26-frameImage\"><\/div>\n                  <\/div>\n                <\/div>\n              <\/div>\n            <\/div>\n          <\/div>\n        <\/div>\n        <div class=\"h-column h-column-container d-flex h-col-lg-auto h-col-md-auto h-col-auto align-self-lg-center align-self-md-center align-self-center style-442-outer style-local-19-c27-outer\">\n          <div data-colibri-id=\"19-c27\" class=\"d-flex h-flex-basis h-column__inner h-px-lg-1 h-px-md-1 h-px-1 v-inner-lg-1 v-inner-md-1 v-inner-1 style-442 style-local-19-c27 position-relative\">\n            <!---->\n            <!---->\n            <div class=\"w-100 h-y-container h-column__content h-column__v-align flex-basis-100 align-self-lg-start align-self-md-start align-self-start\">\n              <!---->\n              <div data-colibri-id=\"19-c28\" class=\"h-text h-text-component style-443 style-local-19-c28 position-relative h-element\">\n                <!---->\n                <!---->\n                <div class=\"\">\n                  <p>Endere\u00e7o\n                    <br>Joinville, Santa Catarina\n                    <br>Rua Frederico Brammer, Santo Ant\u00f4nio<\/p>\n                <\/div>\n              <\/div>\n            <\/div>\n          <\/div>\n        <\/div>\n        <div class=\"h-column h-column-container d-flex h-col-lg-auto h-col-md-auto h-col-auto align-self-lg-center align-self-md-center align-self-center style-444-outer style-local-19-c29-outer\">\n          <div data-colibri-id=\"19-c29\" class=\"d-flex h-flex-basis h-column__inner h-px-lg-1 h-px-md-1 h-px-1 v-inner-lg-1 v-inner-md-1 v-inner-1 style-444 style-local-19-c29 position-relative\">\n            <!---->\n            <!---->\n            <div class=\"w-100 h-y-container h-column__content h-column__v-align flex-basis-100 align-self-lg-start align-self-md-start align-self-start\">\n              <!---->\n              <div data-colibri-id=\"19-c30\" class=\"h-text h-text-component style-445 style-local-19-c30 position-relative h-element\">\n                <!---->\n                <!---->\n                <div class=\"\">\n                  <p>Contato\n                    <br>(47) 9 8822-7621 ou&nbsp;<span style=\"font-weight: 400; font-size: 14px; font-family: &quot;Open Sans&quot;; color: rgb(204, 204, 204);\">(47) 9 9639-5857&nbsp;<\/span>\n                    <br>comercial@tngtec.com.br<\/p>\n                <\/div>\n              <\/div>\n            <\/div>\n          <\/div>\n        <\/div>\n        <div class=\"h-column h-column-container d-flex h-col-lg-auto h-col-md-auto h-col-auto align-self-lg-center align-self-md-center align-self-center style-446-outer style-local-19-c31-outer\">\n          <div data-colibri-id=\"19-c31\" class=\"d-flex h-flex-basis h-column__inner h-px-lg-1 h-px-md-1 h-px-1 v-inner-lg-1 v-inner-md-1 v-inner-1 style-446 style-local-19-c31 position-relative\">\n            <!---->\n            <!---->\n            <div class=\"w-100 h-y-container h-column__content h-column__v-align flex-basis-100 align-self-lg-start align-self-md-start align-self-start\">\n              <!---->\n              <div data-colibri-id=\"19-c32\" class=\"h-text h-text-component style-447 style-local-19-c32 position-relative h-element\">\n                <!---->\n                <!---->\n                <div class=\"\">\n                  <p>Para a seguran\u00e7a de todos, nossa equipe est\u00e1 trabalhando remotamente<\/p>\n                <\/div>\n              <\/div>\n            <\/div>\n          <\/div>\n        <\/div>\n      <\/div>\n    <\/div>\n  <\/div>\n<\/div>\n<\/div>","protected":false},"excerpt":{"rendered":"<p>n\u00f3s ligamos para voc\u00ea Marque uma apresenta\u00e7\u00e3o conosco e nos conte o que sua empresa precisa. Ou entre em contato atrav\u00e9s dos telefones abaixo Endere\u00e7o Joinville, Santa Catarina Rua Frederico Brammer, Santo Ant\u00f4nio Contato (47) 9 8822-7621 ou&nbsp;(47) 9 9639-5857&nbsp; comercial@tngtec.com.br Para a seguran\u00e7a de todos, nossa equipe est\u00e1 trabalhando remotamente<\/p>\n","protected":false},"author":1,"featured_media":246,"parent":0,"menu_order":0,"comment_status":"closed","ping_status":"closed","template":"page-templates\/full-width-page.php","meta":[],"_links":{"self":[{"href":"https:\/\/tngtec.com.br\/site\/wp-json\/wp\/v2\/pages\/19"}],"collection":[{"href":"https:\/\/tngtec.com.br\/site\/wp-json\/wp\/v2\/pages"}],"about":[{"href":"https:\/\/tngtec.com.br\/site\/wp-json\/wp\/v2\/types\/page"}],"author":[{"embeddable":true,"href":"https:\/\/tngtec.com.br\/site\/wp-json\/wp\/v2\/users\/1"}],"replies":[{"embeddable":true,"href":"https:\/\/tngtec.com.br\/site\/wp-json\/wp\/v2\/comments?post=19"}],"version-history":[{"count":20,"href":"https:\/\/tngtec.com.br\/site\/wp-json\/wp\/v2\/pages\/19\/revisions"}],"predecessor-version":[{"id":1570,"href":"https:\/\/tngtec.com.br\/site\/wp-json\/wp\/v2\/pages\/19\/revisions\/1570"}],"wp:featuredmedia":[{"embeddable":true,"href":"https:\/\/tngtec.com.br\/site\/wp-json\/wp\/v2\/media\/246"}],"wp:attachment":[{"href":"https:\/\/tngtec.com.br\/site\/wp-json\/wp\/v2\/media?parent=19"}],"curies":[{"name":"wp","href":"https:\/\/api.w.org\/{rel}","templated":true}]}}